{"id":7,"date":"2024-10-26T15:28:39","date_gmt":"2024-10-26T15:28:39","guid":{"rendered":"https:\/\/suquyme.com\/?page_id=7"},"modified":"2024-10-29T14:45:47","modified_gmt":"2024-10-29T14:45:47","slug":"inicio","status":"publish","type":"page","link":"https:\/\/suquyme.com\/","title":{"rendered":"Inicio"},"content":{"rendered":"<div class=\"wp-block-columns alignfull has-base-2-background-color has-background is-layout-flex wp-container-core-columns-is-layout-5 wp-block-columns-is-layout-flex\" style=\"border-bottom-color:var(--wp--preset--color--contrast-3);border-bottom-width:1px;margin-top:0px;margin-bottom:0px;padding-top:0px;padding-right:0px;padding-bottom:0px;padding-left:0px\"><div class=\"wp-block-column is-layout-flow wp-block-column-is-layout-flow\" style=\"padding-right:var(--wp--preset--spacing--60);padding-left:var(--wp--preset--spacing--60)\"><div class=\"wp-block-columns alignfull has-base-2-background-color has-background is-layout-flex wp-container-core-columns-is-layout-2 wp-block-columns-is-layout-flex\"><div class=\"wp-block-column is-layout-flow wp-block-column-is-layout-flow\" style=\"flex-basis:100%\"><div class=\"wp-block-group has-base-2-background-color has-background is-nowrap is-layout-flex wp-container-core-group-is-layout-1 wp-block-group-is-layout-flex\"><h3 class=\"wp-block-heading has-contrast-2-color has-text-color has-link-color has-body-font-family wp-elements-c0abad76286cccd5f552459c8988b5c8\"><strong>Sobre Nosotros<\/strong><\/h3><\/div>\n\n<div class=\"wp-block-columns alignfull has-base-2-background-color has-background is-layout-flex wp-container-core-columns-is-layout-1 wp-block-columns-is-layout-flex\"><div class=\"wp-block-column is-layout-flow wp-block-column-is-layout-flow\" style=\"flex-basis:100%\"><div class=\"wp-block-group alignfull is-nowrap is-layout-flex wp-container-core-group-is-layout-2 wp-block-group-is-layout-flex\"><p class=\"has-small-font-size\">Con un capital netamente Canario y una trayectoria de m\u00e1s de 50 a\u00f1os nos hemos preocupado de tener siempre la distribuci\u00f3n o representaci\u00f3n de las mejores empresas de nuestro sector, as\u00ed como productos de \u00faltima generaci\u00f3n.<\/p><\/div><\/div><\/div><\/div><\/div>\n\n<div class=\"wp-block-columns alignfull is-layout-flex wp-container-core-columns-is-layout-4 wp-block-columns-is-layout-flex\"><div class=\"wp-block-column is-vertically-aligned-center has-base-2-background-color has-background is-layout-flow wp-container-core-column-is-layout-4 wp-block-column-is-layout-flow\" style=\"border-style:none;border-width:0px;padding-right:var(--wp--preset--spacing--30);padding-left:var(--wp--preset--spacing--30)\"><div class=\"wp-block-group is-nowrap is-layout-flex wp-container-core-group-is-layout-3 wp-block-group-is-layout-flex\" style=\"padding-top:var(--wp--preset--spacing--30);padding-bottom:var(--wp--preset--spacing--20)\"><h4 class=\"wp-block-heading has-contrast-2-color has-text-color has-link-color has-body-font-family wp-elements-facfb0fee64b01cf1e7ef2e39ba8a926\"><strong>Distribuidores de<\/strong><\/h4><\/div>\n\n<div class=\"wp-block-columns is-layout-flex wp-container-core-columns-is-layout-3 wp-block-columns-is-layout-flex\"><div class=\"wp-block-column is-layout-flow wp-block-column-is-layout-flow\" style=\"flex-basis:100%\"><div class=\"wp-block-group is-layout-flow wp-block-group-is-layout-flow\"><figure class=\"wp-block-gallery has-nested-images columns-4 is-cropped has-base-2-background-color has-background wp-block-gallery-1 is-layout-flex wp-block-gallery-is-layout-flex\"><figure class=\"wp-block-image size-full\"><img loading=\"lazy\" decoding=\"async\" width=\"300\" height=\"150\" data-id=\"27\" src=\"https:\/\/suquyme.com\/wp-content\/uploads\/2024\/10\/solventum.png\" alt=\"\" class=\"wp-image-27\"\/><\/figure>\n\n<figure class=\"wp-block-image size-full is-style-default\"><img loading=\"lazy\" decoding=\"async\" width=\"300\" height=\"150\" data-id=\"25\" src=\"https:\/\/suquyme.com\/wp-content\/uploads\/2024\/10\/mimsal-1.png\" alt=\"\" class=\"wp-image-25\"\/><\/figure>\n\n<figure class=\"wp-block-image size-full\"><img loading=\"lazy\" decoding=\"async\" width=\"300\" height=\"150\" data-id=\"26\" src=\"https:\/\/suquyme.com\/wp-content\/uploads\/2024\/10\/riester.png\" alt=\"\" class=\"wp-image-26\"\/><\/figure>\n\n<figure class=\"wp-block-image size-full is-style-default\"><img loading=\"lazy\" decoding=\"async\" width=\"300\" height=\"150\" data-id=\"22\" src=\"https:\/\/suquyme.com\/wp-content\/uploads\/2024\/10\/bolsaplast.png\" alt=\"\" class=\"wp-image-22\"\/><\/figure>\n\n<figure class=\"wp-block-image size-full\"><img loading=\"lazy\" decoding=\"async\" width=\"300\" height=\"150\" data-id=\"24\" src=\"https:\/\/suquyme.com\/wp-content\/uploads\/2024\/10\/inmoclinc.png\" alt=\"\" class=\"wp-image-24\"\/><\/figure>\n\n<figure class=\"wp-block-image alignleft size-full\"><img loading=\"lazy\" decoding=\"async\" width=\"300\" height=\"150\" data-id=\"482\" src=\"https:\/\/suquyme.com\/wp-content\/uploads\/2024\/10\/Selecta.png\" alt=\"\" class=\"wp-image-482\"\/><\/figure>\n\n<figure class=\"wp-block-image size-full\"><img loading=\"lazy\" decoding=\"async\" width=\"300\" height=\"150\" data-id=\"23\" src=\"https:\/\/suquyme.com\/wp-content\/uploads\/2024\/10\/sibelmed.png\" alt=\"\" class=\"wp-image-23\"\/><\/figure><\/figure><\/div><\/div><\/div><\/div><\/div><\/div><\/div>","protected":false},"excerpt":{"rendered":"<p>Sobre Nosotros Con un capital netamente Canario y una trayectoria de m\u00e1s de 50 a\u00f1os nos hemos preocupado de tener siempre la distribuci\u00f3n o representaci\u00f3n de las mejores empresas de nuestro sector, as\u00ed como productos de \u00faltima generaci\u00f3n. Distribuidores de<\/p>\n","protected":false},"author":1,"featured_media":0,"parent":0,"menu_order":0,"comment_status":"closed","ping_status":"closed","template":"page-no-title","meta":{"footnotes":""},"class_list":["post-7","page","type-page","status-publish","hentry"],"yoast_head":"<!-- This site is optimized with the Yoast SEO plugin v23.7 - https:\/\/yoast.com\/wordpress\/plugins\/seo\/ -->\n<title>Inicio - Suministros Qu\u00edmicos y M\u00e9dicos<\/title>\n<meta name=\"robots\" content=\"index, follow, max-snippet:-1, max-image-preview:large, max-video-preview:-1\" \/>\n<link rel=\"canonical\" href=\"https:\/\/suquyme.com\/\" \/>\n<meta property=\"og:locale\" content=\"es_ES\" \/>\n<meta property=\"og:type\" content=\"article\" \/>\n<meta property=\"og:title\" content=\"Inicio - Suministros Qu\u00edmicos y M\u00e9dicos\" \/>\n<meta property=\"og:description\" content=\"Sobre Nosotros Con un capital netamente Canario y una trayectoria de m\u00e1s de 50 a\u00f1os nos hemos preocupado de tener siempre la distribuci\u00f3n o representaci\u00f3n de las mejores empresas de nuestro sector, as\u00ed como productos de \u00faltima generaci\u00f3n. Distribuidores de\" \/>\n<meta property=\"og:url\" content=\"https:\/\/suquyme.com\/\" \/>\n<meta property=\"og:site_name\" content=\"Suministros Qu\u00edmicos y M\u00e9dicos\" \/>\n<meta property=\"article:modified_time\" content=\"2024-10-29T14:45:47+00:00\" \/>\n<meta property=\"og:image\" content=\"https:\/\/suquyme.com\/wp-content\/uploads\/2024\/10\/bolsaplast.png\" \/>\n<meta name=\"twitter:card\" content=\"summary_large_image\" \/>\n<meta name=\"twitter:label1\" content=\"Tiempo de lectura\" \/>\n\t<meta name=\"twitter:data1\" content=\"2 minutos\" \/>\n<script type=\"application\/ld+json\" class=\"yoast-schema-graph\">{\"@context\":\"https:\/\/schema.org\",\"@graph\":[{\"@type\":\"WebPage\",\"@id\":\"https:\/\/suquyme.com\/\",\"url\":\"https:\/\/suquyme.com\/\",\"name\":\"Inicio - Suministros Qu\u00edmicos y M\u00e9dicos\",\"isPartOf\":{\"@id\":\"https:\/\/suquyme.com\/#website\"},\"primaryImageOfPage\":{\"@id\":\"https:\/\/suquyme.com\/#primaryimage\"},\"image\":{\"@id\":\"https:\/\/suquyme.com\/#primaryimage\"},\"thumbnailUrl\":\"https:\/\/suquyme.com\/wp-content\/uploads\/2024\/10\/bolsaplast.png\",\"datePublished\":\"2024-10-26T15:28:39+00:00\",\"dateModified\":\"2024-10-29T14:45:47+00:00\",\"breadcrumb\":{\"@id\":\"https:\/\/suquyme.com\/#breadcrumb\"},\"inLanguage\":\"es\",\"potentialAction\":[{\"@type\":\"ReadAction\",\"target\":[\"https:\/\/suquyme.com\/\"]}]},{\"@type\":\"ImageObject\",\"inLanguage\":\"es\",\"@id\":\"https:\/\/suquyme.com\/#primaryimage\",\"url\":\"https:\/\/suquyme.com\/wp-content\/uploads\/2024\/10\/bolsaplast.png\",\"contentUrl\":\"https:\/\/suquyme.com\/wp-content\/uploads\/2024\/10\/bolsaplast.png\",\"width\":300,\"height\":150},{\"@type\":\"BreadcrumbList\",\"@id\":\"https:\/\/suquyme.com\/#breadcrumb\",\"itemListElement\":[{\"@type\":\"ListItem\",\"position\":1,\"name\":\"Portada\",\"item\":\"https:\/\/suquyme.com\/\"},{\"@type\":\"ListItem\",\"position\":2,\"name\":\"Inicio\"}]},{\"@type\":\"WebSite\",\"@id\":\"https:\/\/suquyme.com\/#website\",\"url\":\"https:\/\/suquyme.com\/\",\"name\":\"Suministros Qu\u00edmicos y M\u00e9dicos\",\"description\":\"Suquyme\",\"publisher\":{\"@id\":\"https:\/\/suquyme.com\/#organization\"},\"potentialAction\":[{\"@type\":\"SearchAction\",\"target\":{\"@type\":\"EntryPoint\",\"urlTemplate\":\"https:\/\/suquyme.com\/?s={search_term_string}\"},\"query-input\":{\"@type\":\"PropertyValueSpecification\",\"valueRequired\":true,\"valueName\":\"search_term_string\"}}],\"inLanguage\":\"es\"},{\"@type\":\"Organization\",\"@id\":\"https:\/\/suquyme.com\/#organization\",\"name\":\"Suministros Qu\u00edmicos y M\u00e9dicos\",\"url\":\"https:\/\/suquyme.com\/\",\"logo\":{\"@type\":\"ImageObject\",\"inLanguage\":\"es\",\"@id\":\"https:\/\/suquyme.com\/#\/schema\/logo\/image\/\",\"url\":\"https:\/\/suquyme.com\/wp-content\/uploads\/2024\/10\/image001-removebg-preview.png\",\"contentUrl\":\"https:\/\/suquyme.com\/wp-content\/uploads\/2024\/10\/image001-removebg-preview.png\",\"width\":612,\"height\":408,\"caption\":\"Suministros Qu\u00edmicos y M\u00e9dicos\"},\"image\":{\"@id\":\"https:\/\/suquyme.com\/#\/schema\/logo\/image\/\"}}]}<\/script>\n<!-- \/ Yoast SEO plugin. -->","yoast_head_json":{"title":"Inicio - Suministros Qu\u00edmicos y M\u00e9dicos","robots":{"index":"index","follow":"follow","max-snippet":"max-snippet:-1","max-image-preview":"max-image-preview:large","max-video-preview":"max-video-preview:-1"},"canonical":"https:\/\/suquyme.com\/","og_locale":"es_ES","og_type":"article","og_title":"Inicio - Suministros Qu\u00edmicos y M\u00e9dicos","og_description":"Sobre Nosotros Con un capital netamente Canario y una trayectoria de m\u00e1s de 50 a\u00f1os nos hemos preocupado de tener siempre la distribuci\u00f3n o representaci\u00f3n de las mejores empresas de nuestro sector, as\u00ed como productos de \u00faltima generaci\u00f3n. Distribuidores de","og_url":"https:\/\/suquyme.com\/","og_site_name":"Suministros Qu\u00edmicos y M\u00e9dicos","article_modified_time":"2024-10-29T14:45:47+00:00","og_image":[{"url":"https:\/\/suquyme.com\/wp-content\/uploads\/2024\/10\/bolsaplast.png"}],"twitter_card":"summary_large_image","twitter_misc":{"Tiempo de lectura":"2 minutos"},"schema":{"@context":"https:\/\/schema.org","@graph":[{"@type":"WebPage","@id":"https:\/\/suquyme.com\/","url":"https:\/\/suquyme.com\/","name":"Inicio - Suministros Qu\u00edmicos y M\u00e9dicos","isPartOf":{"@id":"https:\/\/suquyme.com\/#website"},"primaryImageOfPage":{"@id":"https:\/\/suquyme.com\/#primaryimage"},"image":{"@id":"https:\/\/suquyme.com\/#primaryimage"},"thumbnailUrl":"https:\/\/suquyme.com\/wp-content\/uploads\/2024\/10\/bolsaplast.png","datePublished":"2024-10-26T15:28:39+00:00","dateModified":"2024-10-29T14:45:47+00:00","breadcrumb":{"@id":"https:\/\/suquyme.com\/#breadcrumb"},"inLanguage":"es","potentialAction":[{"@type":"ReadAction","target":["https:\/\/suquyme.com\/"]}]},{"@type":"ImageObject","inLanguage":"es","@id":"https:\/\/suquyme.com\/#primaryimage","url":"https:\/\/suquyme.com\/wp-content\/uploads\/2024\/10\/bolsaplast.png","contentUrl":"https:\/\/suquyme.com\/wp-content\/uploads\/2024\/10\/bolsaplast.png","width":300,"height":150},{"@type":"BreadcrumbList","@id":"https:\/\/suquyme.com\/#breadcrumb","itemListElement":[{"@type":"ListItem","position":1,"name":"Portada","item":"https:\/\/suquyme.com\/"},{"@type":"ListItem","position":2,"name":"Inicio"}]},{"@type":"WebSite","@id":"https:\/\/suquyme.com\/#website","url":"https:\/\/suquyme.com\/","name":"Suministros Qu\u00edmicos y M\u00e9dicos","description":"Suquyme","publisher":{"@id":"https:\/\/suquyme.com\/#organization"},"potentialAction":[{"@type":"SearchAction","target":{"@type":"EntryPoint","urlTemplate":"https:\/\/suquyme.com\/?s={search_term_string}"},"query-input":{"@type":"PropertyValueSpecification","valueRequired":true,"valueName":"search_term_string"}}],"inLanguage":"es"},{"@type":"Organization","@id":"https:\/\/suquyme.com\/#organization","name":"Suministros Qu\u00edmicos y M\u00e9dicos","url":"https:\/\/suquyme.com\/","logo":{"@type":"ImageObject","inLanguage":"es","@id":"https:\/\/suquyme.com\/#\/schema\/logo\/image\/","url":"https:\/\/suquyme.com\/wp-content\/uploads\/2024\/10\/image001-removebg-preview.png","contentUrl":"https:\/\/suquyme.com\/wp-content\/uploads\/2024\/10\/image001-removebg-preview.png","width":612,"height":408,"caption":"Suministros Qu\u00edmicos y M\u00e9dicos"},"image":{"@id":"https:\/\/suquyme.com\/#\/schema\/logo\/image\/"}}]}},"jetpack_sharing_enabled":true,"_links":{"self":[{"href":"https:\/\/suquyme.com\/index.php\/wp-json\/wp\/v2\/pages\/7","targetHints":{"allow":["GET"]}}],"collection":[{"href":"https:\/\/suquyme.com\/index.php\/wp-json\/wp\/v2\/pages"}],"about":[{"href":"https:\/\/suquyme.com\/index.php\/wp-json\/wp\/v2\/types\/page"}],"author":[{"embeddable":true,"href":"https:\/\/suquyme.com\/index.php\/wp-json\/wp\/v2\/users\/1"}],"replies":[{"embeddable":true,"href":"https:\/\/suquyme.com\/index.php\/wp-json\/wp\/v2\/comments?post=7"}],"version-history":[{"count":28,"href":"https:\/\/suquyme.com\/index.php\/wp-json\/wp\/v2\/pages\/7\/revisions"}],"predecessor-version":[{"id":615,"href":"https:\/\/suquyme.com\/index.php\/wp-json\/wp\/v2\/pages\/7\/revisions\/615"}],"wp:attachment":[{"href":"https:\/\/suquyme.com\/index.php\/wp-json\/wp\/v2\/media?parent=7"}],"curies":[{"name":"wp","href":"https:\/\/api.w.org\/{rel}","templated":true}]}}